{"id":19,"date":"2024-04-19T14:09:25","date_gmt":"2024-04-19T14:09:25","guid":{"rendered":"https:\/\/gameit.dk\/?post_type=product&#038;p=19"},"modified":"2025-05-24T22:32:36","modified_gmt":"2025-05-24T22:32:36","slug":"corsair-4000d-airflow-tarn-atx","status":"publish","type":"product","link":"https:\/\/gameit.dk\/index.php\/product\/corsair-4000d-airflow-tarn-atx\/","title":{"rendered":"CORSAIR 4000D AIRFLOW T\u00e5rn ATX"},"content":{"rendered":"<p>CORSAIR 4000D AIRFLOW &#8211; Tower &#8211; ATX &#8211; sidepanel med vindue (h\u00e6rdet glas) &#8211; ingen str\u00f8mforsyning (ATX) &#8211; sort &#8211; USB\/Lyd<\/p>\n","protected":false},"excerpt":{"rendered":"<p>CORSAIR 4000D AIRFLOW &#8211; Tower &#8211; ATX &#8211; sidepanel med vindue (h\u00e6rdet glas) &#8211; ingen str\u00f8mforsyning (ATX) &#8211; sort &#8211; USB\/Lyd<\/p>\n","protected":false},"featured_media":20,"comment_status":"open","ping_status":"closed","template":"","meta":{"inline_featured_image":false},"product_cat":[16],"product_tag":[],"class_list":{"0":"post-19","1":"product","2":"type-product","3":"status-publish","4":"has-post-thumbnail","6":"product_cat-uncategorized","8":"first","9":"instock","10":"taxable","11":"shipping-taxable","12":"product-type-simple"},"_links":{"self":[{"href":"https:\/\/gameit.dk\/index.php\/wp-json\/wp\/v2\/product\/19"}],"collection":[{"href":"https:\/\/gameit.dk\/index.php\/wp-json\/wp\/v2\/product"}],"about":[{"href":"https:\/\/gameit.dk\/index.php\/wp-json\/wp\/v2\/types\/product"}],"replies":[{"embeddable":true,"href":"https:\/\/gameit.dk\/index.php\/wp-json\/wp\/v2\/comments?post=19"}],"wp:featuredmedia":[{"embeddable":true,"href":"https:\/\/gameit.dk\/index.php\/wp-json\/wp\/v2\/media\/20"}],"wp:attachment":[{"href":"https:\/\/gameit.dk\/index.php\/wp-json\/wp\/v2\/media?parent=19"}],"wp:term":[{"taxonomy":"product_cat","embeddable":true,"href":"https:\/\/gameit.dk\/index.php\/wp-json\/wp\/v2\/product_cat?post=19"},{"taxonomy":"product_tag","embeddable":true,"href":"https:\/\/gameit.dk\/index.php\/wp-json\/wp\/v2\/product_tag?post=19"}],"curies":[{"name":"wp","href":"https:\/\/api.w.org\/{rel}","templated":true}]}}